{"id":3,"date":"2022-11-01T03:07:14","date_gmt":"2022-11-01T03:07:14","guid":{"rendered":"http:\/\/www.cmstore24.com\/?page_id=3"},"modified":"2022-11-02T08:18:09","modified_gmt":"2022-11-02T08:18:09","slug":"politica-privacidade","status":"publish","type":"page","link":"https:\/\/www.cmstore24.com\/index.php\/politica-privacidade\/","title":{"rendered":"Pol\u00edtica de privacidade"},"content":{"rendered":"\n<h2 class=\"wp-block-heading\"><strong>Quem somos<\/strong><\/h2>\n\n\n\n<p>O endere\u00e7o do nosso site \u00e9: http:\/\/www.cmstore24.com.<\/p>\n\n\n<p><!-- wp:t\u00edtulo --><\/p>\n<h2><strong>Coment\u00e1rios<\/strong><\/h2>\n<p><!-- \/wp:t\u00edtulo --><\/p>\n<p><!-- wp:par\u00e1grafo --><\/p>\n<p>Quando os visitantes deixam coment\u00e1rios no site, coletamos os dados mostrados no formul\u00e1rio de coment\u00e1rios e tamb\u00e9m o endere\u00e7o IP do visitante e a string do agente do usu\u00e1rio do navegador para ajudar na detec\u00e7\u00e3o de spam.<\/p>\n<p><!-- \/wp:par\u00e1grafo --><\/p>\n<p><!-- wp:par\u00e1grafo --><\/p>\n<p>Uma string an\u00f4nima criada a partir do seu endere\u00e7o de e-mail (tamb\u00e9m chamado de hash) pode ser fornecida ao servi\u00e7o Gravatar para verificar se voc\u00ea o est\u00e1 usando. A pol\u00edtica de privacidade do servi\u00e7o Gravatar est\u00e1 dispon\u00edvel aqui: https:\/\/automattic.com\/privacy\/. Ap\u00f3s a aprova\u00e7\u00e3o do seu coment\u00e1rio, sua foto de perfil fica vis\u00edvel ao p\u00fablico no contexto do seu coment\u00e1rio.<\/p>\n<p><!-- \/wp:par\u00e1grafo --><\/p>\n<p><!-- wp:t\u00edtulo --><\/p>\n<h2><strong>Cookies<\/strong><\/h2>\n<p><!-- \/wp:t\u00edtulo --><\/p>\n<p><!-- wp:par\u00e1grafo --><\/p>\n<p>Se voc\u00ea deixar um coment\u00e1rio em nosso site, poder\u00e1 optar por salvar seu nome, endere\u00e7o de e-mail e site em cookies. Estes s\u00e3o para sua conveni\u00eancia, para que voc\u00ea n\u00e3o precise preencher seus dados novamente quando deixar outro coment\u00e1rio. Esses cookies duram um ano.<\/p>\n<p><!-- \/wp:par\u00e1grafo --><\/p>\n<p><!-- wp:t\u00edtulo --><\/p>\n<h2><strong>Conte\u00fado incorporado de outros sites<\/strong><\/h2>\n<p><!-- \/wp:t\u00edtulo --><\/p>\n<p><!-- wp:par\u00e1grafo --><\/p>\n<p>Os artigos neste site podem incluir conte\u00fado incorporado (por exemplo, v\u00eddeos, imagens, artigos etc.). O conte\u00fado incorporado de outros sites se comporta exatamente da mesma maneira como se o visitante tivesse visitado o outro site.<\/p>\n<p><!-- \/wp:par\u00e1grafo --><\/p>\n<p><!-- wp:par\u00e1grafo --><\/p>\n<p>Esses sites podem coletar dados sobre voc\u00ea, usar cookies, incorporar rastreamento adicional de terceiros e monitorar sua intera\u00e7\u00e3o com esse conte\u00fado incorporado, incluindo rastrear sua intera\u00e7\u00e3o com o conte\u00fado incorporado se voc\u00ea tiver uma conta e estiver conectado a esse site .<\/p>\n<p><!-- \/wp:par\u00e1grafo --><\/p>\n<p><!-- wp:t\u00edtulo --><\/p>\n<h2><strong>Com quem compartilhamos seus dados<\/strong><\/h2>\n<p><!-- \/wp:t\u00edtulo --><\/p>\n<p><!-- wp:par\u00e1grafo --><\/p>\n<p>Se voc\u00ea solicitar uma redefini\u00e7\u00e3o de senha, seu endere\u00e7o IP ser\u00e1 inclu\u00eddo no e-mail de redefini\u00e7\u00e3o.<\/p>\n<p><!-- \/wp:par\u00e1grafo --><\/p>\n<p><!-- wp:t\u00edtulo --><\/p>\n<h2><strong>Por quanto tempo retemos seus dados<\/strong><\/h2>\n<p><!-- \/wp:t\u00edtulo --><\/p>\n<p><!-- wp:par\u00e1grafo --><\/p>\n<p>Se voc\u00ea deixar um coment\u00e1rio, o coment\u00e1rio e seus metadados ser\u00e3o retidos indefinidamente. Isso \u00e9 para que possamos reconhecer e aprovar quaisquer coment\u00e1rios de acompanhamento automaticamente, em vez de mant\u00ea-los em uma fila de modera\u00e7\u00e3o.<\/p>\n<p><!-- \/wp:par\u00e1grafo --><\/p>\n<p><!-- wp:t\u00edtulo --><\/p>\n<h2><strong>Quais direitos voc\u00ea tem sobre seus dados<\/strong><\/h2>\n<p><!-- \/wp:t\u00edtulo --><\/p>\n<p><!-- wp:par\u00e1grafo --><\/p>\n<p>Se voc\u00ea deixou coment\u00e1rios, pode solicitar o recebimento de um arquivo exportado dos dados pessoais que mantemos sobre voc\u00ea, incluindo quaisquer dados que voc\u00ea nos forneceu. Voc\u00ea tamb\u00e9m pode solicitar que apaguemos quaisquer dados pessoais que mantemos sobre voc\u00ea. Isso n\u00e3o inclui quaisquer dados que somos obrigados a manter para fins administrativos, legais ou de seguran\u00e7a.<\/p>\n<p><!-- \/wp:par\u00e1grafo --><\/p>\n<p><!-- wp:t\u00edtulo --><\/p>\n<h2><strong>Para onde enviamos seus dados<\/strong><\/h2>\n<p><!-- \/wp:t\u00edtulo --><\/p>\n<p><!-- wp:par\u00e1grafo --><\/p>\n<p>Os coment\u00e1rios dos visitantes podem ser verificados por meio de um servi\u00e7o automatizado de detec\u00e7\u00e3o de spam.<\/p>\n<p><!-- \/wp:par\u00e1grafo --><\/p>","protected":false},"excerpt":{"rendered":"<p>Quem somos O endere\u00e7o do nosso site \u00e9: http:\/\/www.cmstore24.com. Coment\u00e1rios Quando os visitantes deixam coment\u00e1rios no site, coletamos os dados&hellip;<\/p>\n","protected":false},"author":1,"featured_media":13,"parent":0,"menu_order":0,"comment_status":"closed","ping_status":"open","template":"","meta":{"footnotes":""},"class_list":["post-3","page","type-page","status-publish","has-post-thumbnail","hentry"],"_links":{"self":[{"href":"https:\/\/www.cmstore24.com\/index.php\/wp-json\/wp\/v2\/pages\/3","targetHints":{"allow":["GET"]}}],"collection":[{"href":"https:\/\/www.cmstore24.com\/index.php\/wp-json\/wp\/v2\/pages"}],"about":[{"href":"https:\/\/www.cmstore24.com\/index.php\/wp-json\/wp\/v2\/types\/page"}],"author":[{"embeddable":true,"href":"https:\/\/www.cmstore24.com\/index.php\/wp-json\/wp\/v2\/users\/1"}],"replies":[{"embeddable":true,"href":"https:\/\/www.cmstore24.com\/index.php\/wp-json\/wp\/v2\/comments?post=3"}],"version-history":[{"count":1,"href":"https:\/\/www.cmstore24.com\/index.php\/wp-json\/wp\/v2\/pages\/3\/revisions"}],"predecessor-version":[{"id":14,"href":"https:\/\/www.cmstore24.com\/index.php\/wp-json\/wp\/v2\/pages\/3\/revisions\/14"}],"wp:featuredmedia":[{"embeddable":true,"href":"https:\/\/www.cmstore24.com\/index.php\/wp-json\/wp\/v2\/media\/13"}],"wp:attachment":[{"href":"https:\/\/www.cmstore24.com\/index.php\/wp-json\/wp\/v2\/media?parent=3"}],"curies":[{"name":"wp","href":"https:\/\/api.w.org\/{rel}","templated":true}]}}