{"id":2,"date":"2022-11-01T03:07:14","date_gmt":"2022-11-01T03:07:14","guid":{"rendered":"http:\/\/www.cmstore24.com\/?page_id=2"},"modified":"2022-11-02T08:16:10","modified_gmt":"2022-11-02T08:16:10","slug":"pagina-exemplo","status":"publish","type":"page","link":"https:\/\/www.cmstore24.com\/index.php\/pagina-exemplo\/","title":{"rendered":"Sobre o Cmstore24"},"content":{"rendered":"\n<p><strong><a href=\"https:\/\/www.cmstore24.com\/\">Cmstore24<\/a><\/strong> \u00e9 uma plataforma de compartilhamento de conte\u00fado sobre design de interiores e decora\u00e7\u00e3o de exteriores. Nosso objetivo \u00e9 compartilhar um bom artigo para grupos que desejam saber v\u00e1rias informa\u00e7\u00f5es, como design de quarto, decora\u00e7\u00e3o de jardim ao ar livre, compra de m\u00f3veis de exterior, ilumina\u00e7\u00e3o, m\u00f3veis, precau\u00e7\u00f5es de compra de eletrodom\u00e9sticos e assim por diante.<\/p>\n\n\n<div class=\"wp-block-image\">\n<figure class=\"aligncenter size-large is-resized\"><img loading=\"lazy\" decoding=\"async\" src=\"https:\/\/www.cmstore24.com\/wp-content\/uploads\/2022\/11\/4-edited.jpg\" alt=\"\" class=\"wp-image-9\" width=\"500\" height=\"280\" srcset=\"https:\/\/www.cmstore24.com\/wp-content\/uploads\/2022\/11\/4-edited.jpg 1680w, https:\/\/www.cmstore24.com\/wp-content\/uploads\/2022\/11\/4-edited-300x169.jpg 300w, https:\/\/www.cmstore24.com\/wp-content\/uploads\/2022\/11\/4-edited-1024x576.jpg 1024w, https:\/\/www.cmstore24.com\/wp-content\/uploads\/2022\/11\/4-edited-768x432.jpg 768w, https:\/\/www.cmstore24.com\/wp-content\/uploads\/2022\/11\/4-edited-1536x864.jpg 1536w\" sizes=\"auto, (max-width: 500px) 100vw, 500px\" \/><\/figure>\n<\/div>\n\n\n<p>Aqui, compartilharemos v\u00e1rios artigos pr\u00e1ticos em forma de colunas, que s\u00e3o divididos em categorias como quarto, eletrodom\u00e9sticos, m\u00f3veis, l\u00e2mpadas, outdoor, etc. sele\u00e7\u00e3o aqui. Compra, precau\u00e7\u00f5es de compra de eletrodom\u00e9sticos, as \u00faltimas tend\u00eancias de ilumina\u00e7\u00e3o e outras informa\u00e7\u00f5es relacionadas.<\/p>\n\n\n<div class=\"wp-block-image\">\n<figure class=\"aligncenter size-full is-resized\"><img loading=\"lazy\" decoding=\"async\" src=\"https:\/\/www.cmstore24.com\/wp-content\/uploads\/2022\/11\/FT_Dip_Diploma-in-Creative-Design-Interior-Design-edited.jpg\" alt=\"\" class=\"wp-image-10\" width=\"500\" height=\"280\"\/><\/figure>\n<\/div>\n\n\n<p>Um artigo em destaque por dia para resolver sua confus\u00e3o; um artigo em destaque por dia para facilitar sua vida e seu trabalho. Se voc\u00ea se inspirou no artigo ou est\u00e1 interessado em aprender mais sobre lumin\u00e1rias e m\u00f3veis. Bem-vindo para deixar uma mensagem para mim!<\/p>\n\n\n\n<p><\/p>\n","protected":false},"excerpt":{"rendered":"<p>Cmstore24 \u00e9 uma plataforma de compartilhamento de conte\u00fado sobre design de interiores e decora\u00e7\u00e3o de exteriores. Nosso objetivo \u00e9 compartilhar&hellip;<\/p>\n","protected":false},"author":1,"featured_media":11,"parent":0,"menu_order":0,"comment_status":"closed","ping_status":"open","template":"","meta":{"footnotes":""},"class_list":["post-2","page","type-page","status-publish","has-post-thumbnail","hentry"],"_links":{"self":[{"href":"https:\/\/www.cmstore24.com\/index.php\/wp-json\/wp\/v2\/pages\/2","targetHints":{"allow":["GET"]}}],"collection":[{"href":"https:\/\/www.cmstore24.com\/index.php\/wp-json\/wp\/v2\/pages"}],"about":[{"href":"https:\/\/www.cmstore24.com\/index.php\/wp-json\/wp\/v2\/types\/page"}],"author":[{"embeddable":true,"href":"https:\/\/www.cmstore24.com\/index.php\/wp-json\/wp\/v2\/users\/1"}],"replies":[{"embeddable":true,"href":"https:\/\/www.cmstore24.com\/index.php\/wp-json\/wp\/v2\/comments?post=2"}],"version-history":[{"count":1,"href":"https:\/\/www.cmstore24.com\/index.php\/wp-json\/wp\/v2\/pages\/2\/revisions"}],"predecessor-version":[{"id":12,"href":"https:\/\/www.cmstore24.com\/index.php\/wp-json\/wp\/v2\/pages\/2\/revisions\/12"}],"wp:featuredmedia":[{"embeddable":true,"href":"https:\/\/www.cmstore24.com\/index.php\/wp-json\/wp\/v2\/media\/11"}],"wp:attachment":[{"href":"https:\/\/www.cmstore24.com\/index.php\/wp-json\/wp\/v2\/media?parent=2"}],"curies":[{"name":"wp","href":"https:\/\/api.w.org\/{rel}","templated":true}]}}